{"id":1902,"date":"2021-07-04T19:48:48","date_gmt":"2021-07-04T17:48:48","guid":{"rendered":"http:\/\/vshe.cz\/about-vsmvv\/school-partners\/"},"modified":"2022-03-23T21:12:03","modified_gmt":"2022-03-23T20:12:03","slug":"school-partners","status":"publish","type":"page","link":"https:\/\/vshe.cz\/en\/about-vsh\/school-partners\/","title":{"rendered":"School partners"},"content":{"rendered":"","protected":false},"excerpt":{"rendered":"<p>Thanks to its partners, V\u0160HE can provide internships, and researches that help prepare students for a successful career.<\/p>\n","protected":false},"author":10,"featured_media":0,"parent":1864,"menu_order":0,"comment_status":"closed","ping_status":"closed","template":"page-templates\/onas_partneri.php","meta":{"inline_featured_image":false,"footnotes":""},"class_list":["post-1902","page","type-page","status-publish","hentry"],"yoast_head":"<!-- This site is optimized with the Yoast SEO plugin v26.8 - https:\/\/yoast.com\/product\/yoast-seo-wordpress\/ -->\n<title>School partners - Vysok\u00e1 \u0161kola hotelov\u00e1 a ekonomick\u00e1<\/title>\n<meta name=\"robots\" content=\"index, follow, max-snippet:-1, max-image-preview:large, max-video-preview:-1\" \/>\n<link rel=\"canonical\" href=\"https:\/\/vshe.cz\/en\/about-vsh\/school-partners\/\" \/>\n<meta property=\"og:locale\" content=\"en_US\" \/>\n<meta property=\"og:type\" content=\"article\" \/>\n<meta property=\"og:title\" content=\"School partners - Vysok\u00e1 \u0161kola hotelov\u00e1 a ekonomick\u00e1\" \/>\n<meta property=\"og:description\" content=\"Thanks to its partners, V\u0160HE can provide internships, and researches that help prepare students for a successful career.\" \/>\n<meta property=\"og:url\" content=\"https:\/\/vshe.cz\/en\/about-vsh\/school-partners\/\" \/>\n<meta property=\"og:site_name\" content=\"Vysok\u00e1 \u0161kola hotelov\u00e1 a ekonomick\u00e1\" \/>\n<meta property=\"article:modified_time\" content=\"2022-03-23T20:12:03+00:00\" \/>\n<meta name=\"twitter:card\" content=\"summary_large_image\" \/>\n<script type=\"application\/ld+json\" class=\"yoast-schema-graph\">{\"@context\":\"https:\/\/schema.org\",\"@graph\":[{\"@type\":\"WebPage\",\"@id\":\"https:\/\/vshe.cz\/en\/about-vsh\/school-partners\/\",\"url\":\"https:\/\/vshe.cz\/en\/about-vsh\/school-partners\/\",\"name\":\"School partners - Vysok\u00e1 \u0161kola hotelov\u00e1 a ekonomick\u00e1\",\"isPartOf\":{\"@id\":\"https:\/\/vshe.cz\/en\/#website\"},\"datePublished\":\"2021-07-04T17:48:48+00:00\",\"dateModified\":\"2022-03-23T20:12:03+00:00\",\"breadcrumb\":{\"@id\":\"https:\/\/vshe.cz\/en\/about-vsh\/school-partners\/#breadcrumb\"},\"inLanguage\":\"en-US\",\"potentialAction\":[{\"@type\":\"ReadAction\",\"target\":[\"https:\/\/vshe.cz\/en\/about-vsh\/school-partners\/\"]}]},{\"@type\":\"BreadcrumbList\",\"@id\":\"https:\/\/vshe.cz\/en\/about-vsh\/school-partners\/#breadcrumb\",\"itemListElement\":[{\"@type\":\"ListItem\",\"position\":1,\"name\":\"The Institute of Hospitality Management and Economics\",\"item\":\"https:\/\/vshe.cz\/en\/\"},{\"@type\":\"ListItem\",\"position\":2,\"name\":\"About V\u0160HE\",\"item\":\"https:\/\/vshe.cz\/en\/about-vsh\/\"},{\"@type\":\"ListItem\",\"position\":3,\"name\":\"School partners\"}]},{\"@type\":\"WebSite\",\"@id\":\"https:\/\/vshe.cz\/en\/#website\",\"url\":\"https:\/\/vshe.cz\/en\/\",\"name\":\"Vysok\u00e1 \u0161kola hotelov\u00e1 a ekonomick\u00e1\",\"description\":\"Kvalita. Prest\u00ed\u017e. \u00daspech. Kari\u00e9ra.\",\"potentialAction\":[{\"@type\":\"SearchAction\",\"target\":{\"@type\":\"EntryPoint\",\"urlTemplate\":\"https:\/\/vshe.cz\/en\/?s={search_term_string}\"},\"query-input\":{\"@type\":\"PropertyValueSpecification\",\"valueRequired\":true,\"valueName\":\"search_term_string\"}}],\"inLanguage\":\"en-US\"}]}<\/script>\n<!-- \/ Yoast SEO plugin. -->","yoast_head_json":{"title":"School partners - Vysok\u00e1 \u0161kola hotelov\u00e1 a ekonomick\u00e1","robots":{"index":"index","follow":"follow","max-snippet":"max-snippet:-1","max-image-preview":"max-image-preview:large","max-video-preview":"max-video-preview:-1"},"canonical":"https:\/\/vshe.cz\/en\/about-vsh\/school-partners\/","og_locale":"en_US","og_type":"article","og_title":"School partners - Vysok\u00e1 \u0161kola hotelov\u00e1 a ekonomick\u00e1","og_description":"Thanks to its partners, V\u0160HE can provide internships, and researches that help prepare students for a successful career.","og_url":"https:\/\/vshe.cz\/en\/about-vsh\/school-partners\/","og_site_name":"Vysok\u00e1 \u0161kola hotelov\u00e1 a ekonomick\u00e1","article_modified_time":"2022-03-23T20:12:03+00:00","twitter_card":"summary_large_image","schema":{"@context":"https:\/\/schema.org","@graph":[{"@type":"WebPage","@id":"https:\/\/vshe.cz\/en\/about-vsh\/school-partners\/","url":"https:\/\/vshe.cz\/en\/about-vsh\/school-partners\/","name":"School partners - Vysok\u00e1 \u0161kola hotelov\u00e1 a ekonomick\u00e1","isPartOf":{"@id":"https:\/\/vshe.cz\/en\/#website"},"datePublished":"2021-07-04T17:48:48+00:00","dateModified":"2022-03-23T20:12:03+00:00","breadcrumb":{"@id":"https:\/\/vshe.cz\/en\/about-vsh\/school-partners\/#breadcrumb"},"inLanguage":"en-US","potentialAction":[{"@type":"ReadAction","target":["https:\/\/vshe.cz\/en\/about-vsh\/school-partners\/"]}]},{"@type":"BreadcrumbList","@id":"https:\/\/vshe.cz\/en\/about-vsh\/school-partners\/#breadcrumb","itemListElement":[{"@type":"ListItem","position":1,"name":"The Institute of Hospitality Management and Economics","item":"https:\/\/vshe.cz\/en\/"},{"@type":"ListItem","position":2,"name":"About V\u0160HE","item":"https:\/\/vshe.cz\/en\/about-vsh\/"},{"@type":"ListItem","position":3,"name":"School partners"}]},{"@type":"WebSite","@id":"https:\/\/vshe.cz\/en\/#website","url":"https:\/\/vshe.cz\/en\/","name":"Vysok\u00e1 \u0161kola hotelov\u00e1 a ekonomick\u00e1","description":"Kvalita. Prest\u00ed\u017e. \u00daspech. Kari\u00e9ra.","potentialAction":[{"@type":"SearchAction","target":{"@type":"EntryPoint","urlTemplate":"https:\/\/vshe.cz\/en\/?s={search_term_string}"},"query-input":{"@type":"PropertyValueSpecification","valueRequired":true,"valueName":"search_term_string"}}],"inLanguage":"en-US"}]}},"meta_box":{"vav_section_cloneable_group":[{"vav_section_cloneable_style":"classic_style"}],"pt_ucp_domov_banner_heading":"","pt_ucp_domov_banner_subheading":"","pt_ucp_domov_banner_link":"","banner_side_buttons":[{"banner_side_buttons_mobile_hide":"1","banner_side_buttons_mobile_transparent":"1"}],"pt_ucp_domov_studium":[],"tp_textr_imagel_video_domov_heading":"","tp_textr_imagel_video_domov_img":[],"tp_textr_imagel_video_domov_url":"","pt_ucp_domov_predstavenie_heading":"","pt_ucp_domov_predstavenie_text":"","pt_ucp_domov_predstavenie_btn":"","pt_ucp_domov_predstavenie_link":"","pt_ucp_domov_predstavenie_obrazok":[],"pt_ucp_domov_dod_nadpis":"","pt_ucp_domov_dod_text":"","pt_ucp_domov_dod_skola_1":[],"tp_onas_textl_imager_heading":"","tp_onas_textl_imager_text":"","tp_onas_textl_imager_btn_text":"","tp_onas_textl_imager_btn_url":"","tp_onas_textl_imager_img":[],"tp_textr_imagel_onas_heading":"","tp_textr_imagel_onas_text":"","tp_textr_imagel_onas_btn_text":"","tp_textr_imagel_onas_btn_url":"","tp_textr_imagel_onas_img":[],"tp_head_text_btns_onas_heading":"","tp_head_text_btns_onas_text":"","tp_head_text_btns_onas":[],"tp_onas_partneri_textl_imager_heading":"Partners of V\u0160HE","tp_onas_partneri_textl_imager_text":"<p>It is crucial for V\u0160HE to ensure that students can apply their knowledge in practice during their studies. For this reason, V\u0160H has a wide range of partners, so that each student in the specialization can find an internship in an area that they would like to pursue after their studies. Our partners include, for example, CzechToursim, Regatta \u010cechy, CPI Hotels, Aquapalace Prague and the Association of Trade and Tourism of the Czech Republic.<\/p>\n","tp_onas_partneri_textl_imager_btn_text":"","tp_onas_partneri_textl_imager_btn_url":"","tp_onas_partneri_textl_imager_img":[{"width":150,"height":150,"file":"2021\/08\/vsh_132-scaled.jpg","sizes":{"medium":{"file":"vsh_132-300x200.jpg","width":300,"height":200,"mime-type":"image\/jpeg"},"large":{"file":"vsh_132-1024x683.jpg","width":1024,"height":683,"mime-type":"image\/jpeg"},"thumbnail":{"file":"vsh_132-150x150.jpg","width":150,"height":150,"mime-type":"image\/jpeg"},"medium_large":{"file":"vsh_132-768x512.jpg","width":768,"height":512,"mime-type":"image\/jpeg"},"1536x1536":{"file":"vsh_132-1536x1024.jpg","width":1536,"height":1024,"mime-type":"image\/jpeg"},"2048x2048":{"file":"vsh_132-2048x1365.jpg","width":2048,"height":1365,"mime-type":"image\/jpeg"},"profile-image":{"file":"vsh_132-600x600.jpg","width":600,"height":600,"mime-type":"image\/jpeg"}},"image_meta":{"aperture":"2.8","credit":"Vojtech Hurych","camera":"X-Pro3","caption":"","created_timestamp":"1611674742","copyright":"Vojtech Hurych","focal_length":"23","iso":"400","shutter_speed":"0.008","title":"V\u008aH","orientation":"0","keywords":[]},"original_image":"vsh_132.jpg","ID":2881,"name":"vsh_132-scaled.jpg","path":"\/data\/d\/9\/d9a33aee-63b9-4f70-8721-86f0115e414c\/vshe.cz\/web\/wp-content\/uploads\/2021\/08\/vsh_132-scaled.jpg","url":"https:\/\/vshe.cz\/wp-content\/uploads\/2021\/08\/vsh_132-150x150.jpg","full_url":"https:\/\/vshe.cz\/wp-content\/uploads\/2021\/08\/vsh_132-scaled.jpg","title":"V\u008aH","caption":"","description":"","alt":"","srcset":"https:\/\/vshe.cz\/wp-content\/uploads\/2021\/08\/vsh_132-150x150.jpg 150w, https:\/\/vshe.cz\/wp-content\/uploads\/2021\/08\/vsh_132-600x600.jpg 600w"}],"pt_onas_genpartneri_heading":"Main partners","pt_onas_genpartneri_text":"","tp_genpartners_slider":[{"tp_genpartners_slider_img":["2797"]},{"tp_genpartners_slider_img":["4295"]},{"tp_genpartners_slider_img":["2789"]},{"tp_genpartners_slider_img":["2785"]}],"pt_onas_partneri_heading":"Partners","pt_onas_partneri_text":"","tp_partners_slider":[{"tp_partners_slider_img":["1674"]},{"tp_partners_slider_img":["2781"]},{"tp_partners_slider_img":["2729"]},{"tp_partners_slider_img":["2773"]},{"tp_partners_slider_img":["2777"]},{"tp_partners_slider_img":["2765"]},{"tp_partners_slider_img":["2761"]},{"tp_partners_slider_img":["2757"]},{"tp_partners_slider_img":["2753"]},{"tp_partners_slider_img":["5082"]},{"tp_partners_slider_img":["2745"]},{"tp_partners_slider_img":["2741"]},{"tp_partners_slider_img":["2733"]},{"tp_partners_slider_img":["2737"]},{"tp_partners_slider_img":["5633"]},{"tp_partners_slider_img":["4173"]},{"tp_partners_slider_img":["4183"]},{"tp_partners_slider_img":["4168"]},{"tp_partners_slider_img":["4193"]},{"tp_partners_slider_img":["4203"]},{"tp_partners_slider_img":["5087"]},{"tp_partners_slider_img":["5650"]}],"pt_ucp_about_absolventi_infobox_heading_1":"","pt_ucp_about_absolventi_infobox_text_1":"","pt_ucp_about_absolventi_infobox_heading_2":"","pt_ucp_about_absolventi_infobox_text_2":"","pt_ucp_about_absolventi_infobox_heading_3":"","pt_ucp_about_absolventi_infobox_text_3":"","pt_ucp_about_absolventi_heading":"","pt_ucp_about_absolventi_text":"","pt_ucp_about_absolventi_obrazok":[],"pt_ucp_about_absolventi_slider_heading":"","pt_ucp_about_absolventi_slider_text":"","pg_kontakt_mesta_heading":"","pg_kontakt_mesta_text":"","tp_image_contact_boxes_kontakt":[],"pg_kontakt_form_subheading":"","pg_kontakt_form_heading":"","pg_kontakt_form_shortcode":"","pg_instituty":[{"pg_instituty_address":[{"_state":"expanded"}],"_state":"expanded"}],"tp_image_text_cloneable_doplnit_group":[{"tp_image_text_cloneable_doplnit_style":"textl_imager"}],"tp_textr_imagel_video_whyucp_heading":"","tp_textr_imagel_video_whyucp_text":"","tp_textr_imagel_video_whyucp_btn_text":"","tp_textr_imagel_video_whyucp_btn_url":"","tp_textr_imagel_video_whyucp_img":[],"tp_textr_imagel_video_whyucp_url":"","tp_textl_imager_prijmaciekonanie_heading":"","tp_textl_imager_prijmaciekonanie_text":"","tp_textl_imager_prijmaciekonanie_btn_text":"","tp_textl_imager_prijmaciekonanie_btn_url":"","tp_textl_imager_prijmaciekonanie_img":[],"tp_numbered_boxes_textgroup_prijmaciekonanie":[],"tp_numbered_boxes_btngroup_prijmaciekonanie":[],"pg_prijimacie_konanie_more_heading":"","pg_prijimacie_konanie_more_text":"","tp_head_text_btns_prijimacie_konanie_more":[],"prijmaciekonanie_cennik_header":"","prijmaciekonanie_cennik_benefits":[],"prijmaciekonanie_cennik_aboveswitch_headline":"","prijmaciekonanie_cennik_aboveswitch_text":"","prijmaciekonanie_cennik_praha_packages":[],"prijmaciekonanie_cennik_praha_skolne_abovehead":"","prijmaciekonanie_cennik_praha_skolne_head":"","prijmaciekonanie_cennik_praha_skolne_text":"","prijmaciekonanie_cennik_praha_skolne_first":[],"prijmaciekonanie_cennik_praha_skolne_second":[],"prijmaciekonanie_cennik_praha_skolne_footer":"","prijmaciekonanie_cennik_bratislava_packages_bc_head":"","prijmaciekonanie_cennik_bratislava_packages_bc_text":"","prijmaciekonanie_cennik_bratislava_packages":[],"prijmaciekonanie_cennik_bratislava_packages_mgr_head":"","prijmaciekonanie_cennik_bratislava_packages_mgr_text":"","prijmaciekonanie_cennik_mgr_bratislava_packages":[],"prijmaciekonanie_cennik_bratislava_skolne_abovehead":"","prijmaciekonanie_cennik_bratislava_skolne_head":"","prijmaciekonanie_cennik_bratislava_skolne_text":"","prijmaciekonanie_cennik_bratislava_skolne_first":[],"prijmaciekonanie_cennik_bratislava_skolne_second":[],"prijmaciekonanie_cennik_bratislava_skolne_footer":"","prijmaciekonanie_cennik_prahaupd_packages_bc_head":"","prijmaciekonanie_cennik_prahaupd_packages_bc_text":"","prijmaciekonanie_cennik_prahaupd_packages":[],"prijmaciekonanie_cennik_prahaupd_packages_mgr_head":"","prijmaciekonanie_cennik_prahaupd_packages_mgr_text":"","prijmaciekonanie_cennik_mgr_prahaupd_packages":[],"prijmaciekonanie_cennik_prahaupd_skolne_abovehead":"","prijmaciekonanie_cennik_prahaupd_skolne_head":"","prijmaciekonanie_cennik_prahaupd_skolne_text":"","prijmaciekonanie_cennik_prahaupd_skolne_first":[],"prijmaciekonanie_cennik_prahaupd_skolne_second":[],"prijmaciekonanie_cennik_prahaupd_skolne_footer":"","tp_textl_imager_navsteva_heading":"","tp_textl_imager_navsteva_text":"","tp_textl_imager_navsteva_btn_text":"","tp_textl_imager_navsteva_btn_url":"","tp_textl_imager_navsteva_img":[],"tp_textr_imagel_navsteva_heading":"","tp_textr_imagel_navsteva_text":"","tp_textr_imagel_navsteva_btn_text":"","tp_textr_imagel_navsteva_btn_url":"","tp_textr_imagel_navsteva_img":[],"tp_head_text_btns_vzdelavanie_heading":"","tp_head_text_btns_vzdelavanie_text":"","tp_head_text_btns_vzdelavanie":[],"tp_textr_imagel_vzdelavanie_heading":"","tp_textr_imagel_vzdelavanie_text":"","tp_textr_imagel_vzdelavanie_btn_text":"","tp_textr_imagel_vzdelavanie_btn_url":"","tp_textr_imagel_vzdelavanie_img":[],"tp_textr_imagel_video_vzdelavanie_heading":"","tp_textr_imagel_video_vzdelavanie_text":"","tp_textr_imagel_video_vzdelavanie_btn_text":"","tp_textr_imagel_video_vzdelavanie_btn_url":"","tp_textr_imagel_video_vzdelavanie_img":[],"tp_textr_imagel_video_vzdelavanie_url":"","pt_kombstud_text_boxes":[],"tp_textl_imager_kombstud_heading":"","tp_textl_imager_kombstud_text":"","tp_textl_imager_kombstud_btn_text":"","tp_textl_imager_kombstud_btn_url":"","tp_textl_imager_kombstud_img":[],"kombstud_faq_heading":"","kombstud_faq_text":"","kombstud_faq_faq_group":[],"kombstud_faq_group":[],"tp_onas_historia_textl_imager_heading":"","tp_onas_historia_textl_imager_text":"","tp_onas_historia_textl_imager_btn_text":"","tp_onas_historia_textl_imager_btn_url":"","tp_onas_historia_textl_imager_img":[],"tp_textr_imagel_historia_heading":"","tp_textr_imagel_historia_text":"","tp_textr_imagel_historia_btn_text":"","tp_textr_imagel_historia_btn_url":"","tp_textr_imagel_historia_img":[],"tp_onas_historia_textl_imager2_heading":"","tp_onas_historia_textl_imager2_text":"","tp_onas_historia_textl_imager2_btn_text":"","tp_onas_historia_textl_imager2_btn_url":"","tp_onas_historia_textl_imager2_img":[],"tp_textr_imagel2_historia_heading":"","tp_textr_imagel2_historia_text":"","tp_textr_imagel2_historia_btn_text":"","tp_textr_imagel2_historia_btn_url":"","tp_textr_imagel2_historia_img":[],"pt_vzdelavanie_bc_infobox_heading_1":"","pt_vzdelavanie_bc_infobox_text_1":"","pt_vzdelavanie_bc_infobox_heading_2":"","pt_vzdelavanie_bc_infobox_text_2":"","pt_vzdelavanie_bc_infobox_heading_3":"","pt_vzdelavanie_bc_infobox_text_3":"","pt_vzdelavanie_bc_prijatie_heading":"","pt_vzdelavanie_bc_prijatie_text":"","pt_vzdelavanie_bc_prijatie_btns":[],"pt_vzdelavanie_bc_info_heading":"","pt_vzdelavanie_bc_info_text":"","pt_vzdelavanie_bc_info_btn_text":"","pt_vzdelavanie_bc_info_btn_url":"","pt_vzdelavanie_bc_info_img":[],"pt_vzdelavanie_bc_references_above_head":"","pt_vzdelavanie_bc_references_above_text":"","pt_vzdelavanie_bc_references":[],"pt_vzdelavanie_ing_infobox_heading_1":"","pt_vzdelavanie_ing_infobox_text_1":"","pt_vzdelavanie_ing_infobox_heading_2":"","pt_vzdelavanie_ing_infobox_text_2":"","pt_vzdelavanie_ing_infobox_heading_3":"","pt_vzdelavanie_ing_infobox_text_3":"","pt_vzdelavanie_ing_prijatie_heading":"","pt_vzdelavanie_ing_prijatie_text":"","pt_vzdelavanie_ing_prijatie_btns":[],"pt_vzdelavanie_ing_info_heading":"","pt_vzdelavanie_ing_info_text":"","pt_vzdelavanie_ing_info_btn_text":"","pt_vzdelavanie_ing_info_btn_url":"","pt_vzdelavanie_ing_info_img":[],"pt_vzdelavanie_ing_references_above_head":"","pt_vzdelavanie_ing_references_above_text":"","pt_vzdelavanie_ing_references":[],"pt_vzdelavanie_zivot_prijatie_heading":"","pt_vzdelavanie_zivot_prijatie_text":"","pt_vzdelavanie_zivot_prijatie_btns":[],"pt_vzdelavanie_zivot_info_heading":"","pt_vzdelavanie_zivot_info_text":"","pt_vzdelavanie_zivot_info_btn_text":"","pt_vzdelavanie_zivot_info_btn_url":"","pt_vzdelavanie_zivot_info_img":[],"tp_textr_imagel_vzdelavanie_zivot_heading":"","tp_textr_imagel_vzdelavanie_zivot_text":"","tp_textr_imagel_vzdelavanie_zivot_btn_text":"","tp_textr_imagel_vzdelavanie_zivot_btn_url":"","tp_textr_imagel_vzdelavanie_zivot_img":[],"pg_zivot_ucp_mesta_heading":"","pg_zivot_ucp_mesta_text":"","pg_zivot_ucp_mesta":[],"pg_zivot_ucp_mesto_video_heading":"","pg_zivot_ucp_mesto_video_text":"","pg_zivot_ucp_mesto_video_btn_text":"","pg_zivot_ucp_mesto_video_btn_url":"","pg_zivot_ucp_mesto_video_img":[],"pg_zivot_ucp_mesto_video_url":"","pg_zivot_ucp_mesto_more_heading":"","pg_zivot_ucp_mesto_more_text":"","pg_zivot_ucp_mesto_links_heading":"","pg_zivot_ucp_mesto_links":[],"pg_prihlaska":[{"_state":"expanded"}],"pt_ucp_dod_undernadpis":"","pt_ucp_dod_undertext":"","url":"","uradna_tabula":[{"uradna_tabula_document":[{"uradna_tabula_type":"<img src=\"\/wp-content\/themes\/united-collage-prague-skola\/assets\/images\/icons\/pdf_icon.svg\">","_state":"expanded"}],"_state":"expanded"}],"akademicky_kalendar":[{"_state":"expanded"}],"pg_studijne_kontakty_head":"","pg_studijne_kontakty_text":"","pg_studijne_kontakty":[],"pg_studijne_obmedzenie_head":"","pg_studijne_obmedzenie_text":"","pg_studijne_oddelenie":[{"pg_studijne_oddelenie_hodiny":[["A"]]}],"tp_textr_imagel_studiumodunora_heading":"","tp_textr_imagel_studiumodunora_text":"","tp_textr_imagel_studiumodunora_btn_text":"","tp_textr_imagel_studiumodunora_btn_url":"","tp_textr_imagel_studiumodunora_img":[],"studiumodunora_prihlaska_abovehead":"","studiumodunora_prihlaska_head":"","studiumodunora_prihlaska_text":"","studiumodunora_prihlaska_btnwrap":[],"studiumodunora_programy_heading":"","studiumodunora_programy_text":"","studiumodunora_programy_faq_group":[],"studiumodunora_programy_group":[],"veltrh_group":[],"pg_katedra":[],"pg_katedra_head":"","pg_katedra_text":"","pg_hostia_z_praxe":[],"tp_mba_where_aboveheading":"","tp_mba_where_abovetext":"","tp_head_mba_where_btns":[],"tp_mba_text_heading":"","tp_mba_text_text":"","mba_rozvrh":[{"mba_rozvrh_document":[{"mba_rozvrh_type":"Zimn\u00fd","_state":"expanded"}],"_state":"expanded"}],"tp_image_boxes_mba_heading":"","tp_image_boxes_mba":[],"mba_partners_slider_heading":"","mba_partners_slider":[],"mba_faq_heading":"","mba_faq_text":"","mba_faq_faq_group":[],"mba_faq_group":[],"mba_prihlaska_abovehead":"","mba_prihlaska_head":"","mba_prihlaska_text":"","mba_prihlaska_btnwrap":[],"cennik_vsh_header":"","cennik_vsh_benefits":[],"cennik_vsh_praha_packages_bc_head":"","cennik_vsh_praha_packages_bc_text":"","cennik_vsh_praha_packages":[],"cennik_vsh_praha_packages_bccomb_head":"","cennik_vsh_praha_packages_bccomb_text":"","cennik_vsh_praha_packages_bccomb":[],"cennik_vsh_praha_packages_mgr_head":"","cennik_vsh_praha_packages_mgr_text":"","cennik_vsh_mgr_praha_packages":[],"cennik_vsh_praha_packages_mgr_head_combform":"","cennik_vsh_praha_packages_mgr_text_combform":"","cennik_vsh_mgr_praha_packages_combform":[],"cennik_vsh_praha_skolne_abovehead":"","cennik_vsh_praha_skolne_head":"","cennik_vsh_praha_skolne_text":"","cennik_vsh_praha_skolne_first":[],"cennik_vsh_praha_skolne_second":[],"cennik_vsh_praha_skolne_footer":"","cennik_vsh_znojmo_packages_bc_head":"","cennik_vsh_znojmo_packages_bc_text":"","cennik_vsh_znojmo_packages":[],"cennik_vsh_znojmo_packages_bccomb_head":"","cennik_vsh_znojmo_packages_bccomb_text":"","cennik_vsh_znojmo_packages_bccomb":[],"cennik_vsh_znojmo_packages_mgr_head":"","cennik_vsh_znojmo_packages_mgr_text":"","cennik_vsh_mgr_znojmo_packages":[],"cennik_vsh_znojmo_packages_mgr_head_combform":"","cennik_vsh_znojmo_packages_mgr_text_combform":"","cennik_vsh_mgr_znojmo_packages_combform":[],"cennik_vsh_znojmo_skolne_abovehead":"","cennik_vsh_znojmo_skolne_head":"","cennik_vsh_znojmo_skolne_text":"","cennik_vsh_znojmo_skolne_first":[],"cennik_vsh_znojmo_skolne_second":[],"cennik_vsh_znojmo_skolne_footer":"","cennik_vsh_bratislava_packages_bc_head":"","cennik_vsh_bratislava_packages_bc_text":"","cennik_vsh_bratislava_packages":[],"cennik_vsh_bratislava_packages_bccomb_head":"","cennik_vsh_bratislava_packages_bccomb_text":"","cennik_vsh_bratislava_packages_bccomb":[],"cennik_vsh_bratislava_packages_mgr_head":"","cennik_vsh_bratislava_packages_mgr_text":"","cennik_vsh_mgr_bratislava_packages":[],"cennik_vsh_bratislava_packages_mgr_head_combform":"","cennik_vsh_bratislava_packages_mgr_text_combform":"","cennik_vsh_mgr_bratislava_packages_combform":[],"cennik_vsh_bratislava_skolne_abovehead":"","cennik_vsh_bratislava_skolne_head":"","cennik_vsh_bratislava_skolne_text":"","cennik_vsh_bratislava_skolne_first":[],"cennik_vsh_bratislava_skolne_second":[],"cennik_vsh_bratislava_skolne_footer":"","vslg_cennik_header":"","vslg_cennik_benefits":[],"vslg_cennik_aboveswitch_headline":"","vslg_cennik_aboveswitch_text":"","vslg_cennik_winter_packages_bc_head":"","vslg_cennik_winter_packages":[],"vslg_cennik_winter_packages_mgr_head":"","vslg_cennik_mgr_winter_packages":[],"vslg_cennik_winter_skolne_abovehead":"","vslg_cennik_winter_skolne_head":"","vslg_cennik_winter_skolne_text":"","vslg_cennik_winter_skolne_first":[],"vslg_cennik_winter_skolne_second":[],"vslg_cennik_winter_skolne_footer":"","vslg_cennik_summer_packages_bc_head":"","vslg_cennik_summer_packages":[],"vslg_cennik_summer_packages_mgr_head":"","vslg_cennik_mgr_summer_packages":[],"vslg_cennik_summer_skolne_abovehead":"","vslg_cennik_summer_skolne_head":"","vslg_cennik_summer_skolne_text":"","vslg_cennik_summer_skolne_first":[],"vslg_cennik_summer_skolne_second":[],"vslg_cennik_summer_skolne_footer":""},"_links":{"self":[{"href":"https:\/\/vshe.cz\/en\/wp-json\/wp\/v2\/pages\/1902","targetHints":{"allow":["GET"]}}],"collection":[{"href":"https:\/\/vshe.cz\/en\/wp-json\/wp\/v2\/pages"}],"about":[{"href":"https:\/\/vshe.cz\/en\/wp-json\/wp\/v2\/types\/page"}],"author":[{"embeddable":true,"href":"https:\/\/vshe.cz\/en\/wp-json\/wp\/v2\/users\/10"}],"replies":[{"embeddable":true,"href":"https:\/\/vshe.cz\/en\/wp-json\/wp\/v2\/comments?post=1902"}],"version-history":[{"count":3,"href":"https:\/\/vshe.cz\/en\/wp-json\/wp\/v2\/pages\/1902\/revisions"}],"predecessor-version":[{"id":4449,"href":"https:\/\/vshe.cz\/en\/wp-json\/wp\/v2\/pages\/1902\/revisions\/4449"}],"up":[{"embeddable":true,"href":"https:\/\/vshe.cz\/en\/wp-json\/wp\/v2\/pages\/1864"}],"wp:attachment":[{"href":"https:\/\/vshe.cz\/en\/wp-json\/wp\/v2\/media?parent=1902"}],"curies":[{"name":"wp","href":"https:\/\/api.w.org\/{rel}","templated":true}]}}