{"id":5101,"date":"2022-01-07T12:33:19","date_gmt":"2022-01-07T11:33:19","guid":{"rendered":"https:\/\/vshe.cz\/aktualne-platne-informace-o-provozu-vsh\/"},"modified":"2022-04-20T12:22:56","modified_gmt":"2022-04-20T10:22:56","slug":"aktualne-platne-informace-o-provozu-vsh","status":"publish","type":"page","link":"https:\/\/vshe.cz\/en\/aktualne-platne-informace-o-provozu-vsh\/","title":{"rendered":"COVID-19"},"content":{"rendered":"\n<h3 class=\"wp-block-heading\">Updated to April 20, 2022<\/h3>\n\n\n\n<p><strong>The school building<\/strong>\u00a0at Sv\u00eddnick\u00e1 506\/1, 181 00 Prague 8 is open to students and the public\u00a0\u00a0<strong>from Monday to Thursday from 7:30 to 19:15 and on Friday from 7:30 to 16:00<\/strong>.\u00a0<\/p>\n\n\n\n<p><strong>Teaching currently takes place in the full-time form in the school building in compliance with all currently valid hygiene measures.<\/strong><\/p>\n\n\n\n<p><strong>Examinations during the examination period and state final examinations take place in person in the school building&nbsp;<\/strong>in compliance with all currently valid hygiene measures.<\/p>\n\n\n\n<p>Pursuant to a regulation of the Ministry of Health, the obligation to have the mouth and nose covered by a respirator or similar means fulfilling at least all technical conditions for the given product no longer applies from Monday 14 March.<\/p>\n\n\n\n<p><strong>Students&#8217; participation in the internship is allowed and students are obliged to follow the instructions of the professional internship provider.<\/strong><\/p>\n\n\n\n<p><strong>Ceremonial ceremonies<\/strong>&nbsp;(matriculation, graduation, inauguration) are possible in compliance with all applicable hygiene measures.<\/p>\n\n\n\n<p><strong>The Study Department&nbsp;<\/strong><strong>works according to standard operating hours.<\/strong><\/p>\n\n\n\n<p>The IHM&nbsp;<a href=\"https:\/\/www.vsh.cz\/en\/students\/library-and-study-rooms\/\"><strong>Study Room<\/strong>&nbsp;and<\/a><strong><a href=\"https:\/\/www.vsh.cz\/en\/students\/library-and-study-rooms\/\">&nbsp;the Library of dr. Jaroslav Holoubek<\/a>&nbsp;in IHM&nbsp;<\/strong>operates according to standard opening hours. T<strong>he&nbsp;<a href=\"https:\/\/www.facebook.com\/MlsnaZrzka\">Mlsn\u00e1 zrzka caf\u00e9<\/a><\/strong>&nbsp;is open from&nbsp;<strong>Monday to Thursday from 8:00 to 16:00<\/strong>.&nbsp;<\/p>\n\n\n\n<p><strong>If you need further information, you can contact us by e-mail&nbsp;<\/strong><a>study@vsh.cz<\/a><strong>.<\/strong><\/p>\n\n\n\n<p><strong>We wish you good health and we ask you to comply with all applicable measures.<\/strong><\/p>\n","protected":false},"excerpt":{"rendered":"<p>Currently valid information on the operation of IHME<\/p>\n","protected":false},"author":2,"featured_media":0,"parent":0,"menu_order":0,"comment_status":"closed","ping_status":"closed","template":"page-templates\/page_classic_banner.php","meta":{"inline_featured_image":false,"footnotes":""},"class_list":["post-5101","page","type-page","status-publish","hentry"],"yoast_head":"<!-- This site is optimized with the Yoast SEO plugin v26.8 - https:\/\/yoast.com\/product\/yoast-seo-wordpress\/ -->\n<title>COVID-19 - Vysok\u00e1 \u0161kola hotelov\u00e1 a ekonomick\u00e1<\/title>\n<meta name=\"robots\" content=\"index, follow, max-snippet:-1, max-image-preview:large, max-video-preview:-1\" \/>\n<link rel=\"canonical\" href=\"https:\/\/vshe.cz\/en\/aktualne-platne-informace-o-provozu-vsh\/\" \/>\n<meta property=\"og:locale\" content=\"en_US\" \/>\n<meta property=\"og:type\" content=\"article\" \/>\n<meta property=\"og:title\" content=\"COVID-19 - Vysok\u00e1 \u0161kola hotelov\u00e1 a ekonomick\u00e1\" \/>\n<meta property=\"og:description\" content=\"Currently valid information on the operation of IHME\" \/>\n<meta property=\"og:url\" content=\"https:\/\/vshe.cz\/en\/aktualne-platne-informace-o-provozu-vsh\/\" \/>\n<meta property=\"og:site_name\" content=\"Vysok\u00e1 \u0161kola hotelov\u00e1 a ekonomick\u00e1\" \/>\n<meta property=\"article:modified_time\" content=\"2022-04-20T10:22:56+00:00\" \/>\n<meta name=\"twitter:card\" content=\"summary_large_image\" \/>\n<meta name=\"twitter:label1\" content=\"Est. reading time\" \/>\n\t<meta name=\"twitter:data1\" content=\"2 minutes\" \/>\n<script type=\"application\/ld+json\" class=\"yoast-schema-graph\">{\"@context\":\"https:\/\/schema.org\",\"@graph\":[{\"@type\":\"WebPage\",\"@id\":\"https:\/\/vshe.cz\/en\/aktualne-platne-informace-o-provozu-vsh\/\",\"url\":\"https:\/\/vshe.cz\/en\/aktualne-platne-informace-o-provozu-vsh\/\",\"name\":\"COVID-19 - Vysok\u00e1 \u0161kola hotelov\u00e1 a ekonomick\u00e1\",\"isPartOf\":{\"@id\":\"https:\/\/vshe.cz\/en\/#website\"},\"datePublished\":\"2022-01-07T11:33:19+00:00\",\"dateModified\":\"2022-04-20T10:22:56+00:00\",\"breadcrumb\":{\"@id\":\"https:\/\/vshe.cz\/en\/aktualne-platne-informace-o-provozu-vsh\/#breadcrumb\"},\"inLanguage\":\"en-US\",\"potentialAction\":[{\"@type\":\"ReadAction\",\"target\":[\"https:\/\/vshe.cz\/en\/aktualne-platne-informace-o-provozu-vsh\/\"]}]},{\"@type\":\"BreadcrumbList\",\"@id\":\"https:\/\/vshe.cz\/en\/aktualne-platne-informace-o-provozu-vsh\/#breadcrumb\",\"itemListElement\":[{\"@type\":\"ListItem\",\"position\":1,\"name\":\"The Institute of Hospitality Management and Economics\",\"item\":\"https:\/\/vshe.cz\/en\/\"},{\"@type\":\"ListItem\",\"position\":2,\"name\":\"COVID-19\"}]},{\"@type\":\"WebSite\",\"@id\":\"https:\/\/vshe.cz\/en\/#website\",\"url\":\"https:\/\/vshe.cz\/en\/\",\"name\":\"Vysok\u00e1 \u0161kola hotelov\u00e1 a ekonomick\u00e1\",\"description\":\"Kvalita. Prest\u00ed\u017e. \u00daspech. Kari\u00e9ra.\",\"potentialAction\":[{\"@type\":\"SearchAction\",\"target\":{\"@type\":\"EntryPoint\",\"urlTemplate\":\"https:\/\/vshe.cz\/en\/?s={search_term_string}\"},\"query-input\":{\"@type\":\"PropertyValueSpecification\",\"valueRequired\":true,\"valueName\":\"search_term_string\"}}],\"inLanguage\":\"en-US\"}]}<\/script>\n<!-- \/ Yoast SEO plugin. -->","yoast_head_json":{"title":"COVID-19 - Vysok\u00e1 \u0161kola hotelov\u00e1 a ekonomick\u00e1","robots":{"index":"index","follow":"follow","max-snippet":"max-snippet:-1","max-image-preview":"max-image-preview:large","max-video-preview":"max-video-preview:-1"},"canonical":"https:\/\/vshe.cz\/en\/aktualne-platne-informace-o-provozu-vsh\/","og_locale":"en_US","og_type":"article","og_title":"COVID-19 - Vysok\u00e1 \u0161kola hotelov\u00e1 a ekonomick\u00e1","og_description":"Currently valid information on the operation of IHME","og_url":"https:\/\/vshe.cz\/en\/aktualne-platne-informace-o-provozu-vsh\/","og_site_name":"Vysok\u00e1 \u0161kola hotelov\u00e1 a ekonomick\u00e1","article_modified_time":"2022-04-20T10:22:56+00:00","twitter_card":"summary_large_image","twitter_misc":{"Est. reading time":"2 minutes"},"schema":{"@context":"https:\/\/schema.org","@graph":[{"@type":"WebPage","@id":"https:\/\/vshe.cz\/en\/aktualne-platne-informace-o-provozu-vsh\/","url":"https:\/\/vshe.cz\/en\/aktualne-platne-informace-o-provozu-vsh\/","name":"COVID-19 - Vysok\u00e1 \u0161kola hotelov\u00e1 a ekonomick\u00e1","isPartOf":{"@id":"https:\/\/vshe.cz\/en\/#website"},"datePublished":"2022-01-07T11:33:19+00:00","dateModified":"2022-04-20T10:22:56+00:00","breadcrumb":{"@id":"https:\/\/vshe.cz\/en\/aktualne-platne-informace-o-provozu-vsh\/#breadcrumb"},"inLanguage":"en-US","potentialAction":[{"@type":"ReadAction","target":["https:\/\/vshe.cz\/en\/aktualne-platne-informace-o-provozu-vsh\/"]}]},{"@type":"BreadcrumbList","@id":"https:\/\/vshe.cz\/en\/aktualne-platne-informace-o-provozu-vsh\/#breadcrumb","itemListElement":[{"@type":"ListItem","position":1,"name":"The Institute of Hospitality Management and Economics","item":"https:\/\/vshe.cz\/en\/"},{"@type":"ListItem","position":2,"name":"COVID-19"}]},{"@type":"WebSite","@id":"https:\/\/vshe.cz\/en\/#website","url":"https:\/\/vshe.cz\/en\/","name":"Vysok\u00e1 \u0161kola hotelov\u00e1 a ekonomick\u00e1","description":"Kvalita. Prest\u00ed\u017e. \u00daspech. Kari\u00e9ra.","potentialAction":[{"@type":"SearchAction","target":{"@type":"EntryPoint","urlTemplate":"https:\/\/vshe.cz\/en\/?s={search_term_string}"},"query-input":{"@type":"PropertyValueSpecification","valueRequired":true,"valueName":"search_term_string"}}],"inLanguage":"en-US"}]}},"meta_box":{"vav_section_cloneable_group":[],"pt_ucp_domov_banner_heading":"","pt_ucp_domov_banner_subheading":"","pt_ucp_domov_banner_link":"","banner_side_buttons":[{"banner_side_buttons_mobile_hide":"1","banner_side_buttons_mobile_transparent":"1"}],"pt_ucp_domov_studium":[],"tp_textr_imagel_video_domov_heading":"","tp_textr_imagel_video_domov_img":[],"tp_textr_imagel_video_domov_url":"","pt_ucp_domov_predstavenie_heading":"","pt_ucp_domov_predstavenie_text":"","pt_ucp_domov_predstavenie_btn":"","pt_ucp_domov_predstavenie_link":"","pt_ucp_domov_predstavenie_obrazok":[],"pt_ucp_domov_dod_nadpis":"","pt_ucp_domov_dod_text":"","pt_ucp_domov_dod_skola_1":[],"tp_onas_textl_imager_heading":"","tp_onas_textl_imager_text":"","tp_onas_textl_imager_btn_text":"","tp_onas_textl_imager_btn_url":"","tp_onas_textl_imager_img":[],"tp_textr_imagel_onas_heading":"","tp_textr_imagel_onas_text":"","tp_textr_imagel_onas_btn_text":"","tp_textr_imagel_onas_btn_url":"","tp_textr_imagel_onas_img":[],"tp_head_text_btns_onas_heading":"","tp_head_text_btns_onas_text":"","tp_head_text_btns_onas":[],"tp_onas_partneri_textl_imager_heading":"","tp_onas_partneri_textl_imager_text":"","tp_onas_partneri_textl_imager_btn_text":"","tp_onas_partneri_textl_imager_btn_url":"","tp_onas_partneri_textl_imager_img":[],"pt_onas_genpartneri_heading":"","pt_onas_genpartneri_text":"","tp_genpartners_slider":[],"pt_onas_partneri_heading":"","pt_onas_partneri_text":"","tp_partners_slider":[],"pt_ucp_about_absolventi_infobox_heading_1":"","pt_ucp_about_absolventi_infobox_text_1":"","pt_ucp_about_absolventi_infobox_heading_2":"","pt_ucp_about_absolventi_infobox_text_2":"","pt_ucp_about_absolventi_infobox_heading_3":"","pt_ucp_about_absolventi_infobox_text_3":"","pt_ucp_about_absolventi_heading":"","pt_ucp_about_absolventi_text":"","pt_ucp_about_absolventi_obrazok":[],"pt_ucp_about_absolventi_slider_heading":"","pt_ucp_about_absolventi_slider_text":"","pg_kontakt_mesta_heading":"","pg_kontakt_mesta_text":"","tp_image_contact_boxes_kontakt":[],"pg_kontakt_form_subheading":"","pg_kontakt_form_heading":"","pg_kontakt_form_shortcode":"","pg_instituty":[{"pg_instituty_address":[{"_state":"expanded"}],"_state":"expanded"}],"tp_image_text_cloneable_doplnit_group":[],"tp_textr_imagel_video_whyucp_heading":"","tp_textr_imagel_video_whyucp_text":"","tp_textr_imagel_video_whyucp_btn_text":"","tp_textr_imagel_video_whyucp_btn_url":"","tp_textr_imagel_video_whyucp_img":[],"tp_textr_imagel_video_whyucp_url":"","tp_textl_imager_prijmaciekonanie_heading":"","tp_textl_imager_prijmaciekonanie_text":"","tp_textl_imager_prijmaciekonanie_btn_text":"","tp_textl_imager_prijmaciekonanie_btn_url":"","tp_textl_imager_prijmaciekonanie_img":[],"tp_numbered_boxes_textgroup_prijmaciekonanie":[],"tp_numbered_boxes_btngroup_prijmaciekonanie":[],"pg_prijimacie_konanie_more_heading":"","pg_prijimacie_konanie_more_text":"","tp_head_text_btns_prijimacie_konanie_more":[],"prijmaciekonanie_cennik_header":"","prijmaciekonanie_cennik_benefits":[],"prijmaciekonanie_cennik_aboveswitch_headline":"","prijmaciekonanie_cennik_aboveswitch_text":"","prijmaciekonanie_cennik_praha_packages":[],"prijmaciekonanie_cennik_praha_skolne_abovehead":"","prijmaciekonanie_cennik_praha_skolne_head":"","prijmaciekonanie_cennik_praha_skolne_text":"","prijmaciekonanie_cennik_praha_skolne_first":[],"prijmaciekonanie_cennik_praha_skolne_second":[],"prijmaciekonanie_cennik_praha_skolne_footer":"","prijmaciekonanie_cennik_bratislava_packages_bc_head":"","prijmaciekonanie_cennik_bratislava_packages_bc_text":"","prijmaciekonanie_cennik_bratislava_packages":[],"prijmaciekonanie_cennik_bratislava_packages_mgr_head":"","prijmaciekonanie_cennik_bratislava_packages_mgr_text":"","prijmaciekonanie_cennik_mgr_bratislava_packages":[],"prijmaciekonanie_cennik_bratislava_skolne_abovehead":"","prijmaciekonanie_cennik_bratislava_skolne_head":"","prijmaciekonanie_cennik_bratislava_skolne_text":"","prijmaciekonanie_cennik_bratislava_skolne_first":[],"prijmaciekonanie_cennik_bratislava_skolne_second":[],"prijmaciekonanie_cennik_bratislava_skolne_footer":"","prijmaciekonanie_cennik_prahaupd_packages_bc_head":"","prijmaciekonanie_cennik_prahaupd_packages_bc_text":"","prijmaciekonanie_cennik_prahaupd_packages":[],"prijmaciekonanie_cennik_prahaupd_packages_mgr_head":"","prijmaciekonanie_cennik_prahaupd_packages_mgr_text":"","prijmaciekonanie_cennik_mgr_prahaupd_packages":[],"prijmaciekonanie_cennik_prahaupd_skolne_abovehead":"","prijmaciekonanie_cennik_prahaupd_skolne_head":"","prijmaciekonanie_cennik_prahaupd_skolne_text":"","prijmaciekonanie_cennik_prahaupd_skolne_first":[],"prijmaciekonanie_cennik_prahaupd_skolne_second":[],"prijmaciekonanie_cennik_prahaupd_skolne_footer":"","tp_textl_imager_navsteva_heading":"","tp_textl_imager_navsteva_text":"","tp_textl_imager_navsteva_btn_text":"","tp_textl_imager_navsteva_btn_url":"","tp_textl_imager_navsteva_img":[],"tp_textr_imagel_navsteva_heading":"","tp_textr_imagel_navsteva_text":"","tp_textr_imagel_navsteva_btn_text":"","tp_textr_imagel_navsteva_btn_url":"","tp_textr_imagel_navsteva_img":[],"tp_head_text_btns_vzdelavanie_heading":"","tp_head_text_btns_vzdelavanie_text":"","tp_head_text_btns_vzdelavanie":[],"tp_textr_imagel_vzdelavanie_heading":"","tp_textr_imagel_vzdelavanie_text":"","tp_textr_imagel_vzdelavanie_btn_text":"","tp_textr_imagel_vzdelavanie_btn_url":"","tp_textr_imagel_vzdelavanie_img":[],"tp_textr_imagel_video_vzdelavanie_heading":"","tp_textr_imagel_video_vzdelavanie_text":"","tp_textr_imagel_video_vzdelavanie_btn_text":"","tp_textr_imagel_video_vzdelavanie_btn_url":"","tp_textr_imagel_video_vzdelavanie_img":[],"tp_textr_imagel_video_vzdelavanie_url":"","pt_kombstud_text_boxes":[],"tp_textl_imager_kombstud_heading":"","tp_textl_imager_kombstud_text":"","tp_textl_imager_kombstud_btn_text":"","tp_textl_imager_kombstud_btn_url":"","tp_textl_imager_kombstud_img":[],"kombstud_faq_heading":"","kombstud_faq_text":"","kombstud_faq_faq_group":[],"kombstud_faq_group":[],"tp_onas_historia_textl_imager_heading":"","tp_onas_historia_textl_imager_text":"","tp_onas_historia_textl_imager_btn_text":"","tp_onas_historia_textl_imager_btn_url":"","tp_onas_historia_textl_imager_img":[],"tp_textr_imagel_historia_heading":"","tp_textr_imagel_historia_text":"","tp_textr_imagel_historia_btn_text":"","tp_textr_imagel_historia_btn_url":"","tp_textr_imagel_historia_img":[],"tp_onas_historia_textl_imager2_heading":"","tp_onas_historia_textl_imager2_text":"","tp_onas_historia_textl_imager2_btn_text":"","tp_onas_historia_textl_imager2_btn_url":"","tp_onas_historia_textl_imager2_img":[],"tp_textr_imagel2_historia_heading":"","tp_textr_imagel2_historia_text":"","tp_textr_imagel2_historia_btn_text":"","tp_textr_imagel2_historia_btn_url":"","tp_textr_imagel2_historia_img":[],"pt_vzdelavanie_bc_infobox_heading_1":"","pt_vzdelavanie_bc_infobox_text_1":"","pt_vzdelavanie_bc_infobox_heading_2":"","pt_vzdelavanie_bc_infobox_text_2":"","pt_vzdelavanie_bc_infobox_heading_3":"","pt_vzdelavanie_bc_infobox_text_3":"","pt_vzdelavanie_bc_prijatie_heading":"","pt_vzdelavanie_bc_prijatie_text":"","pt_vzdelavanie_bc_prijatie_btns":[],"pt_vzdelavanie_bc_info_heading":"","pt_vzdelavanie_bc_info_text":"","pt_vzdelavanie_bc_info_btn_text":"","pt_vzdelavanie_bc_info_btn_url":"","pt_vzdelavanie_bc_info_img":[],"pt_vzdelavanie_bc_references_above_head":"","pt_vzdelavanie_bc_references_above_text":"","pt_vzdelavanie_bc_references":[],"pt_vzdelavanie_ing_infobox_heading_1":"","pt_vzdelavanie_ing_infobox_text_1":"","pt_vzdelavanie_ing_infobox_heading_2":"","pt_vzdelavanie_ing_infobox_text_2":"","pt_vzdelavanie_ing_infobox_heading_3":"","pt_vzdelavanie_ing_infobox_text_3":"","pt_vzdelavanie_ing_prijatie_heading":"","pt_vzdelavanie_ing_prijatie_text":"","pt_vzdelavanie_ing_prijatie_btns":[],"pt_vzdelavanie_ing_info_heading":"","pt_vzdelavanie_ing_info_text":"","pt_vzdelavanie_ing_info_btn_text":"","pt_vzdelavanie_ing_info_btn_url":"","pt_vzdelavanie_ing_info_img":[],"pt_vzdelavanie_ing_references_above_head":"","pt_vzdelavanie_ing_references_above_text":"","pt_vzdelavanie_ing_references":[],"pt_vzdelavanie_zivot_prijatie_heading":"","pt_vzdelavanie_zivot_prijatie_text":"","pt_vzdelavanie_zivot_prijatie_btns":[],"pt_vzdelavanie_zivot_info_heading":"","pt_vzdelavanie_zivot_info_text":"","pt_vzdelavanie_zivot_info_btn_text":"","pt_vzdelavanie_zivot_info_btn_url":"","pt_vzdelavanie_zivot_info_img":[],"tp_textr_imagel_vzdelavanie_zivot_heading":"","tp_textr_imagel_vzdelavanie_zivot_text":"","tp_textr_imagel_vzdelavanie_zivot_btn_text":"","tp_textr_imagel_vzdelavanie_zivot_btn_url":"","tp_textr_imagel_vzdelavanie_zivot_img":[],"pg_zivot_ucp_mesta_heading":"","pg_zivot_ucp_mesta_text":"","pg_zivot_ucp_mesta":[],"pg_zivot_ucp_mesto_video_heading":"","pg_zivot_ucp_mesto_video_text":"","pg_zivot_ucp_mesto_video_btn_text":"","pg_zivot_ucp_mesto_video_btn_url":"","pg_zivot_ucp_mesto_video_img":[],"pg_zivot_ucp_mesto_video_url":"","pg_zivot_ucp_mesto_more_heading":"","pg_zivot_ucp_mesto_more_text":"","pg_zivot_ucp_mesto_links_heading":"","pg_zivot_ucp_mesto_links":[],"pg_prihlaska":[{"_state":"expanded"}],"pt_ucp_dod_undernadpis":"","pt_ucp_dod_undertext":"","url":"","uradna_tabula":[{"uradna_tabula_document":[{"_state":"expanded"}],"_state":"expanded"}],"akademicky_kalendar":[{"_state":"expanded"}],"pg_studijne_kontakty_head":"","pg_studijne_kontakty_text":"","pg_studijne_kontakty":[],"pg_studijne_obmedzenie_head":"","pg_studijne_obmedzenie_text":"","pg_studijne_oddelenie":[],"tp_textr_imagel_studiumodunora_heading":"","tp_textr_imagel_studiumodunora_text":"","tp_textr_imagel_studiumodunora_btn_text":"","tp_textr_imagel_studiumodunora_btn_url":"","tp_textr_imagel_studiumodunora_img":[],"studiumodunora_prihlaska_abovehead":"","studiumodunora_prihlaska_head":"","studiumodunora_prihlaska_text":"","studiumodunora_prihlaska_btnwrap":[],"studiumodunora_programy_heading":"","studiumodunora_programy_text":"","studiumodunora_programy_faq_group":[],"studiumodunora_programy_group":[],"veltrh_group":[],"pg_katedra":[],"pg_katedra_head":"","pg_katedra_text":"","pg_hostia_z_praxe":[],"tp_mba_where_aboveheading":"","tp_mba_where_abovetext":"","tp_head_mba_where_btns":[],"tp_mba_text_heading":"","tp_mba_text_text":"","mba_rozvrh":[{"mba_rozvrh_document":[{"_state":"expanded"}],"_state":"expanded"}],"tp_image_boxes_mba_heading":"","tp_image_boxes_mba":[],"mba_partners_slider_heading":"","mba_partners_slider":[],"mba_faq_heading":"","mba_faq_text":"","mba_faq_faq_group":[],"mba_faq_group":[],"mba_prihlaska_abovehead":"","mba_prihlaska_head":"","mba_prihlaska_text":"","mba_prihlaska_btnwrap":[],"cennik_vsh_header":"","cennik_vsh_benefits":[],"cennik_vsh_praha_packages_bc_head":"","cennik_vsh_praha_packages_bc_text":"","cennik_vsh_praha_packages":[],"cennik_vsh_praha_packages_bccomb_head":"","cennik_vsh_praha_packages_bccomb_text":"","cennik_vsh_praha_packages_bccomb":[],"cennik_vsh_praha_packages_mgr_head":"","cennik_vsh_praha_packages_mgr_text":"","cennik_vsh_mgr_praha_packages":[],"cennik_vsh_praha_packages_mgr_head_combform":"","cennik_vsh_praha_packages_mgr_text_combform":"","cennik_vsh_mgr_praha_packages_combform":[],"cennik_vsh_praha_skolne_abovehead":"","cennik_vsh_praha_skolne_head":"","cennik_vsh_praha_skolne_text":"","cennik_vsh_praha_skolne_first":[],"cennik_vsh_praha_skolne_second":[],"cennik_vsh_praha_skolne_footer":"","cennik_vsh_znojmo_packages_bc_head":"","cennik_vsh_znojmo_packages_bc_text":"","cennik_vsh_znojmo_packages":[],"cennik_vsh_znojmo_packages_bccomb_head":"","cennik_vsh_znojmo_packages_bccomb_text":"","cennik_vsh_znojmo_packages_bccomb":[],"cennik_vsh_znojmo_packages_mgr_head":"","cennik_vsh_znojmo_packages_mgr_text":"","cennik_vsh_mgr_znojmo_packages":[],"cennik_vsh_znojmo_packages_mgr_head_combform":"","cennik_vsh_znojmo_packages_mgr_text_combform":"","cennik_vsh_mgr_znojmo_packages_combform":[],"cennik_vsh_znojmo_skolne_abovehead":"","cennik_vsh_znojmo_skolne_head":"","cennik_vsh_znojmo_skolne_text":"","cennik_vsh_znojmo_skolne_first":[],"cennik_vsh_znojmo_skolne_second":[],"cennik_vsh_znojmo_skolne_footer":"","cennik_vsh_bratislava_packages_bc_head":"","cennik_vsh_bratislava_packages_bc_text":"","cennik_vsh_bratislava_packages":[],"cennik_vsh_bratislava_packages_bccomb_head":"","cennik_vsh_bratislava_packages_bccomb_text":"","cennik_vsh_bratislava_packages_bccomb":[],"cennik_vsh_bratislava_packages_mgr_head":"","cennik_vsh_bratislava_packages_mgr_text":"","cennik_vsh_mgr_bratislava_packages":[],"cennik_vsh_bratislava_packages_mgr_head_combform":"","cennik_vsh_bratislava_packages_mgr_text_combform":"","cennik_vsh_mgr_bratislava_packages_combform":[],"cennik_vsh_bratislava_skolne_abovehead":"","cennik_vsh_bratislava_skolne_head":"","cennik_vsh_bratislava_skolne_text":"","cennik_vsh_bratislava_skolne_first":[],"cennik_vsh_bratislava_skolne_second":[],"cennik_vsh_bratislava_skolne_footer":"","vslg_cennik_header":"","vslg_cennik_benefits":[],"vslg_cennik_aboveswitch_headline":"","vslg_cennik_aboveswitch_text":"","vslg_cennik_winter_packages_bc_head":"","vslg_cennik_winter_packages":[],"vslg_cennik_winter_packages_mgr_head":"","vslg_cennik_mgr_winter_packages":[],"vslg_cennik_winter_skolne_abovehead":"","vslg_cennik_winter_skolne_head":"","vslg_cennik_winter_skolne_text":"","vslg_cennik_winter_skolne_first":[],"vslg_cennik_winter_skolne_second":[],"vslg_cennik_winter_skolne_footer":"","vslg_cennik_summer_packages_bc_head":"","vslg_cennik_summer_packages":[],"vslg_cennik_summer_packages_mgr_head":"","vslg_cennik_mgr_summer_packages":[],"vslg_cennik_summer_skolne_abovehead":"","vslg_cennik_summer_skolne_head":"","vslg_cennik_summer_skolne_text":"","vslg_cennik_summer_skolne_first":[],"vslg_cennik_summer_skolne_second":[],"vslg_cennik_summer_skolne_footer":""},"_links":{"self":[{"href":"https:\/\/vshe.cz\/en\/wp-json\/wp\/v2\/pages\/5101","targetHints":{"allow":["GET"]}}],"collection":[{"href":"https:\/\/vshe.cz\/en\/wp-json\/wp\/v2\/pages"}],"about":[{"href":"https:\/\/vshe.cz\/en\/wp-json\/wp\/v2\/types\/page"}],"author":[{"embeddable":true,"href":"https:\/\/vshe.cz\/en\/wp-json\/wp\/v2\/users\/2"}],"replies":[{"embeddable":true,"href":"https:\/\/vshe.cz\/en\/wp-json\/wp\/v2\/comments?post=5101"}],"version-history":[{"count":12,"href":"https:\/\/vshe.cz\/en\/wp-json\/wp\/v2\/pages\/5101\/revisions"}],"predecessor-version":[{"id":6086,"href":"https:\/\/vshe.cz\/en\/wp-json\/wp\/v2\/pages\/5101\/revisions\/6086"}],"wp:attachment":[{"href":"https:\/\/vshe.cz\/en\/wp-json\/wp\/v2\/media?parent=5101"}],"curies":[{"name":"wp","href":"https:\/\/api.w.org\/{rel}","templated":true}]}}